{"id":3128,"date":"2023-04-16T16:37:04","date_gmt":"2023-04-16T16:37:04","guid":{"rendered":"https:\/\/www.sirovahrana.rs\/shop\/?post_type=product&#038;p=3128"},"modified":"2023-04-16T16:55:41","modified_gmt":"2023-04-16T16:55:41","slug":"blendtec-professional-800","status":"publish","type":"product","link":"https:\/\/www.sirovahrana.rs\/shop\/proizvod\/blendtec-professional-800\/","title":{"rendered":"Blendtec Professional 800"},"content":{"rendered":"<p><a href=\"https:\/\/www.oliverarosic.com\/wp-content\/uploads\/2023\/04\/Profesional800_kuhinja.jpg\"><img loading=\"lazy\" decoding=\"async\" class=\"aligncenter wp-image-25678 size-large\" src=\"https:\/\/www.oliverarosic.com\/wp-content\/uploads\/2023\/04\/Profesional800_kuhinja-1024x576.jpg\" alt=\"\" width=\"1024\" height=\"576\" \/><\/a><\/p>\n<p><strong>Najti\u0161i blender koji radi na velikim brzinama<\/strong><\/p>\n<p>Blendtec Professional 800 je zanimljiv izbor za ljubitelje smoothie-a koji su u potrazi za tihim ali mo\u0107nim blenderom, koji radi pri visokim brzinama. \u00a0Sa ugra\u0111enim reduktorom buke, Blendtec Professional 800 donosi prvoklasne performance na dodir.<\/p>\n<p><strong>Blendtec Professional 800 glavne karakteristike:<\/strong><\/p>\n<p>Tih: Zna\u010dajno manji nivo buke od ure\u0111aja u istoj klasi kvaliteta<\/p>\n<p>Obrtanje u smeru kazaljke na satu: Za one koji vi\u0161e vole obrtanje u smeru kazaljke na satu<\/p>\n<p>Jednostavno biranje programa: Touch panel osetljiv na dodir sa 6 vremenskih programa<\/p>\n<p>Sigurna investicija: Garancija 10 godina na bazu s motorom i upravlja\u010dku elektroniku<\/p>\n<p><strong>Mogu\u0107nosti koje Blendtec Professional 800 pru\u017ea<\/strong><\/p>\n<p>Kremasti zeleni smoothie-ji<\/p>\n<p>Ukusni vo\u0107ni i povrtni smoothi-ji<\/p>\n<p>Vegan biljna i mleka od ora\u0161astih plodova kao na primer sve\u017ee bademovo mleko<\/p>\n<p>\u0160ejkovi kao na primer proteinski \u0161ejkovi napravljeni od ora\u0161astih plodova i biljnih mleka<\/p>\n<p>Vru\u0107e supe zagrejane frikcijom u posudi blendera\u00a0 kao pota\u017ei i supa od paradajza<\/p>\n<p>Priprema testa za pala\u010dinke, mafine, tortilje<\/p>\n<p>Seckanje povr\u0107a za salate<\/p>\n<p>Sve\u017ee mlevena kafa ili sve\u017ee mleveno bra\u0161no od badema<\/p>\n<p>Sorbei od smrznitog vo\u0107a (mango, banana\u2026)<\/p>\n<p>Lomljeni led<\/p>\n<p><strong>Rukovanje i kontrole &#8211; Blendtec Professional 800<\/strong><\/p>\n<p>Panel na dodir daje vrlo jednostavne mogu\u0107nosti za izbor programa i kontrolu rada: Korisnici ka\u017eu da je upotreba komandi na dodir vrlo zabavna i daje odli\u010dne rezultate. Da startujete blender, pritisnite on\/off dugme na levoj strani control panela. Dugme sa desne strane slu\u017ei za izbor izmedju automatskog ili ru\u010dnog re\u017eima rada (vremenski program obrade)<\/p>\n<p><strong>6 vremenskih programa<\/strong><\/p>\n<p>Blendtecov automatski mod nudi 6 vremenskih programa koji se aktiviraju dodirom odgovaju\u0107e ikonice.<\/p>\n<p><a href=\"https:\/\/www.oliverarosic.com\/wp-content\/uploads\/2023\/04\/profesional800_controlpanel.jpg\"><img loading=\"lazy\" decoding=\"async\" class=\"aligncenter wp-image-25674 size-full\" src=\"https:\/\/www.oliverarosic.com\/wp-content\/uploads\/2023\/04\/profesional800_controlpanel.jpg\" alt=\"\" width=\"536\" height=\"193\" \/><\/a><\/p>\n<p>Me\u0161enje testa \u2013 testo za pla\u010dinke ili sosevi<\/p>\n<p>Me\u0161anje napitaka \u2013 priprema \u0160ejkova<\/p>\n<p>Smoothie \u2013 vo\u0107ni smoothi-ji<\/p>\n<p>Sorbe \u2013 sorbei od smrznutog vo\u0107a<\/p>\n<p>Sok (od celovitih namirnica \u2013 ka\u0161asti sok) \u2013 takodje I program za zelene smoothie<\/p>\n<p>Vru\u0107a supa \u2013 priprema supe uz kori\u0161\u0107enje zagrevanja frikcijom<\/p>\n<p>Jednom kada je program zavr\u0161en, blender automatski zaustavlja rad. Ako \u017eelite da zaustavite rad dok se program jo\u0161 odvija, samo pritisnite Stop dugme na desnom kraju.<\/p>\n<p><strong>Ru\u010dna kontrola brzine obrade<\/strong><\/p>\n<p>Ako pre\u0111ete na ru\u010dnu kontrolu koriste\u0107i dugme shift za prebacivanje kontrolnog moda, panel na dodir tada omogu\u0107ava preciznu kontrolu od 11 nvoa brzine. Brzina obrade mo\u017ee se ru\u010dno kontrolisati tokom obrade, \u010dak i preskakanje brzinskih nivoa nije nikakav problem.<\/p>\n<p><strong>Pulse funkcija<\/strong><\/p>\n<p>Funkcija Pulse nalazi se sa desne strane panela osetljivog na dodir. Kada pritisnete \u00a0pulse mod dugme, blender \u0107e raditi na maksimalnoj \u00a0brzini sve dok dr\u017eite prst na tom dugmetu. Koristi se za seckanje, rendanje i me\u0161anje ve\u0107 pripremljenih recepata u blenderu. Na primer, ako \u017eelite da ume\u0161ate ne\u0161to ulja ili za\u010dina. Vredna opcija, koja nije smela biti izostavljena ni na ovom modelu!<\/p>\n<p><strong>\u0160titnik od buke<\/strong><\/p>\n<p>Zahvaljuju\u0107i \u0161titniku od buke Blendtec Professional 800 \u00a0je najti\u0161i blender sa obradom na velikim brzinama na tr\u017ei\u0161tu. Kada napunite posudu namirnicama i izaberete program obrade, poklopac se jednostavno zatvori kako bi se umanjila buka tokom procesa blendiranja. Ako ste ikada probali da telefonirate dok vam blender radi, znate koliko je ovakva opcija dragocena!<\/p>\n<p>\u0160titnik od buke sastoji se od poklopca i dr\u017ea\u010da koji \u00a0mogu biti lako uklonjeni radi \u010di\u0161\u0107enja.<\/p>\n<p><strong>\u010ci\u0161\u0107enje Blendtec Professional 800<\/strong><\/p>\n<p>Najbolji na\u010din da o\u010distite svoj \u00a0Blendtec Professional 800 je odmah nakon upotrebe, dok se ostaci hrane jo\u0161 nisu osu\u0161ili na zidovima posude. Naj\u010de\u0161\u0107e, posuda \u0107e se jednostavno o\u010distiti ispiranjem mlakom vodom. Ako ste u receptu koristili ulje ili neke tvr\u0111e namirnice, napunite posudu do jedne tre\u0107ine mlakom vodom i dodajte 1 do 3 kapi te\u010dnosti za sudove. Zatim pustite blender da radi na srednjoj ili visokoj brzini 30 do 45 sekundi. Isperite posudu i ostavite da se osu\u0161i na kuhinjskoj krpi ako je potrebno. Ako su se ostaci hrane zadr\u017eali ispod no\u017eeva, o\u010distite\u00a0 ih \u010detkom i isperite pod vodom.<\/p>\n<div class=\"embed-responsive embed-responsive-16by9\"><iframe loading=\"lazy\" title=\"YouTube video player\" src=\"https:\/\/www.youtube.com\/embed\/QEWohvbHJz4\" width=\"560\" height=\"315\" frameborder=\"0\" allowfullscreen=\"allowfullscreen\"><\/iframe><\/div>\n","protected":false},"excerpt":{"rendered":"<p>Boja: Crni<br \/>\nSnaga: 3,8ks (1800 W)<br \/>\nBrzina: Touch slider s 11 brzina + dugme pulse<br \/>\nTe\u017eina: 7,35kg<br \/>\nDimenzije: 22cm x 43,8cm x 23,2cm<br \/>\nVolta\u017ea: 220\/240V<\/p>\n<p>Blender koji mo\u017ee sve &#8211; uklju\u010duju\u0107i prekrasan dizajn za Va\u0161u kuhinju<br \/>\nKarakteristike:<br \/>\n\u2013 Professional 800 bazu s motorom s ugra\u0111enom za\u0161titom od buke<br \/>\n\u2013 WildSide+, BPA-free posuda od 2 litre<br \/>\n\u2013 Vodi\u010d i recepti za brzi po\u010detak blendanja<br \/>\n\u2013 Garancija 10 godina na bazu s motorom i upravlja\u010dku elektroniku<br \/>\n\u2013 Garancija na posudu: 8000 ciklusa<\/p>\n","protected":false},"featured_media":3129,"comment_status":"open","ping_status":"closed","template":"","meta":{"_monsterinsights_skip_tracking":false,"_monsterinsights_sitenote_active":false,"_monsterinsights_sitenote_note":"","_monsterinsights_sitenote_category":0},"product_brand":[],"product_cat":[101,194],"product_tag":[208],"class_list":{"0":"post-3128","1":"product","2":"type-product","3":"status-publish","4":"has-post-thumbnail","6":"product_cat-blenderi","7":"product_cat-blendtec","8":"product_tag-blendtec-professional-800","10":"first","11":"instock","12":"shipping-taxable","13":"purchasable","14":"product-type-simple"},"jetpack_sharing_enabled":true,"_links":{"self":[{"href":"https:\/\/www.sirovahrana.rs\/shop\/wp-json\/wp\/v2\/product\/3128","targetHints":{"allow":["GET"]}}],"collection":[{"href":"https:\/\/www.sirovahrana.rs\/shop\/wp-json\/wp\/v2\/product"}],"about":[{"href":"https:\/\/www.sirovahrana.rs\/shop\/wp-json\/wp\/v2\/types\/product"}],"replies":[{"embeddable":true,"href":"https:\/\/www.sirovahrana.rs\/shop\/wp-json\/wp\/v2\/comments?post=3128"}],"wp:featuredmedia":[{"embeddable":true,"href":"https:\/\/www.sirovahrana.rs\/shop\/wp-json\/wp\/v2\/media\/3129"}],"wp:attachment":[{"href":"https:\/\/www.sirovahrana.rs\/shop\/wp-json\/wp\/v2\/media?parent=3128"}],"wp:term":[{"taxonomy":"product_brand","embeddable":true,"href":"https:\/\/www.sirovahrana.rs\/shop\/wp-json\/wp\/v2\/product_brand?post=3128"},{"taxonomy":"product_cat","embeddable":true,"href":"https:\/\/www.sirovahrana.rs\/shop\/wp-json\/wp\/v2\/product_cat?post=3128"},{"taxonomy":"product_tag","embeddable":true,"href":"https:\/\/www.sirovahrana.rs\/shop\/wp-json\/wp\/v2\/product_tag?post=3128"}],"curies":[{"name":"wp","href":"https:\/\/api.w.org\/{rel}","templated":true}]}}