{"id":3209,"date":"2023-05-08T17:08:59","date_gmt":"2023-05-08T17:08:59","guid":{"rendered":"https:\/\/www.sirovahrana.rs\/shop\/?post_type=product&#038;p=3209"},"modified":"2023-06-14T15:15:13","modified_gmt":"2023-06-14T15:15:13","slug":"elektricna-gulilica-za-voce-i-povrce-pelamatic","status":"publish","type":"product","link":"https:\/\/www.sirovahrana.rs\/shop\/proizvod\/elektricna-gulilica-za-voce-i-povrce-pelamatic\/","title":{"rendered":"Elektri\u010dna gulilica za vo\u0107e i povr\u0107e Pelamatic"},"content":{"rendered":"<p>Jednostavan za upotrebu i \u010di\u0161c\u0301enje &#8211; za profesionalce i ku\u0107ne korisnike<br \/>\nPodesiva debljina pilinga \u2013 brzo i pouzdano<br \/>\nDve funkcije pilinga \u2013 piling 1 ili 2 sloja po potrebi<br \/>\nManje otpada \u2013 higijenski i uz maksimalno iskori\u0161c\u0301enje hrane<br \/>\nBrzo \u2013 oguliti 3-4 pomorand\u017ee u minuti<br \/>\nIzdr\u017eljiv i higijenski \u2013 svi delovi koji dolaze u kontakt sa hranom su napravljeni od ner\u0111ajuc\u0301eg \u010delika i NEMA PLASTIKE<br \/>\nZauzima malo prostora<br \/>\nPriprema voc\u0301a i povrc\u0301a za sokove, jelo ili kuvanje postac\u0301e jednostavna, brza i \u010dista.<br \/>\nSavr\u0161eno za guljenje bilo kojeg voc\u0301a i povrc\u0301a pravilnog, ovalnog oblika: limuna, pomorand\u017ee, kivija, jabuke, kru\u0161ke, grejpfruta, cvekle\u2026<br \/>\n<div class=\"embed-responsive embed-responsive-16by9\"><iframe loading=\"lazy\" title=\"YouTube video player\" src=\"https:\/\/www.youtube.com\/embed\/34aWi0aNjz4\" width=\"560\" height=\"315\" frameborder=\"0\" allowfullscreen=\"allowfullscreen\"><\/iframe><\/div>\n","protected":false},"excerpt":{"rendered":"<p>Jednostavan za upotrebu i \u010di\u0161c\u0301enje &#8211; za profesionalce i ku\u0107ne korisnike<br \/>\nPodesiva debljina pilinga \u2013 brzo i pouzdano<br \/>\nDve funkcije pilinga \u2013 piling 1 ili 2 sloja po potrebi<br \/>\nManje otpada \u2013 higijenski i uz maksimalno iskori\u0161c\u0301enje hrane<br \/>\nBrzo \u2013 oguliti 3-4 pomorand\u017ee u minuti<br \/>\nIzdr\u017eljiv i higijenski \u2013 svi delovi koji dolaze u kontakt sa hranom su napravljeni od ner\u0111ajuc\u0301eg \u010delika i NEMA PLASTIKE<br \/>\nZauzima malo prostora<br \/>\nPriprema voc\u0301a i povrc\u0301a za sokove, jelo ili kuvanje postac\u0301e jednostavna, brza i \u010dista.<br \/>\nSavr\u0161eno za guljenje bilo kojeg voc\u0301a i povrc\u0301a pravilnog, ovalnog oblika: limuna, pomorand\u017ee, kivija, jabuke, kru\u0161ke, grejpfruta, cvekle\u2026<\/p>\n","protected":false},"featured_media":3210,"comment_status":"open","ping_status":"closed","template":"","meta":{"_monsterinsights_skip_tracking":false,"_monsterinsights_sitenote_active":false,"_monsterinsights_sitenote_note":"","_monsterinsights_sitenote_category":0},"product_brand":[],"product_cat":[229,109],"product_tag":[231,230],"class_list":{"0":"post-3209","1":"product","2":"type-product","3":"status-publish","4":"has-post-thumbnail","6":"product_cat-gulilica-za-voce-i-povrce","7":"product_cat-profesionalna-oprema","8":"product_tag-elektricna-gulilica-pelamatic","9":"product_tag-elektricna-gulilica-za-voce-i-povrce","11":"first","12":"instock","13":"shipping-taxable","14":"purchasable","15":"product-type-simple"},"jetpack_sharing_enabled":true,"_links":{"self":[{"href":"https:\/\/www.sirovahrana.rs\/shop\/wp-json\/wp\/v2\/product\/3209","targetHints":{"allow":["GET"]}}],"collection":[{"href":"https:\/\/www.sirovahrana.rs\/shop\/wp-json\/wp\/v2\/product"}],"about":[{"href":"https:\/\/www.sirovahrana.rs\/shop\/wp-json\/wp\/v2\/types\/product"}],"replies":[{"embeddable":true,"href":"https:\/\/www.sirovahrana.rs\/shop\/wp-json\/wp\/v2\/comments?post=3209"}],"wp:featuredmedia":[{"embeddable":true,"href":"https:\/\/www.sirovahrana.rs\/shop\/wp-json\/wp\/v2\/media\/3210"}],"wp:attachment":[{"href":"https:\/\/www.sirovahrana.rs\/shop\/wp-json\/wp\/v2\/media?parent=3209"}],"wp:term":[{"taxonomy":"product_brand","embeddable":true,"href":"https:\/\/www.sirovahrana.rs\/shop\/wp-json\/wp\/v2\/product_brand?post=3209"},{"taxonomy":"product_cat","embeddable":true,"href":"https:\/\/www.sirovahrana.rs\/shop\/wp-json\/wp\/v2\/product_cat?post=3209"},{"taxonomy":"product_tag","embeddable":true,"href":"https:\/\/www.sirovahrana.rs\/shop\/wp-json\/wp\/v2\/product_tag?post=3209"}],"curies":[{"name":"wp","href":"https:\/\/api.w.org\/{rel}","templated":true}]}}